{"id":15728,"date":"2024-03-08T15:51:01","date_gmt":"2024-03-08T14:51:01","guid":{"rendered":"https:\/\/www.onestquedesjoueurs.fr\/?page_id=15728"},"modified":"2024-05-29T13:43:17","modified_gmt":"2024-05-29T11:43:17","slug":"emulation","status":"publish","type":"page","link":"https:\/\/www.onestquedesjoueurs.fr\/index.php\/emulation\/","title":{"rendered":"Emulation"},"content":{"rendered":"\t\t<div data-elementor-type=\"wp-page\" data-elementor-id=\"15728\" class=\"elementor elementor-15728\">\n\t\t\t\t<div class=\"elementor-element elementor-element-2afac96 e-flex e-con-boxed e-con e-parent\" data-id=\"2afac96\" data-element_type=\"container\" data-e-type=\"container\">\n\t\t\t\t\t<div class=\"e-con-inner\">\n\t\t<div class=\"elementor-element elementor-element-a3236e9 e-con-full e-flex e-con e-child\" data-id=\"a3236e9\" data-element_type=\"container\" data-e-type=\"container\">\n\t\t\t\t<div class=\"elementor-element elementor-element-5f7c7b3 elementor-widget__width-initial elementor-widget elementor-widget-text-editor\" data-id=\"5f7c7b3\" data-element_type=\"widget\" data-e-type=\"widget\" data-widget_type=\"text-editor.default\">\n\t\t\t\t<div class=\"elementor-widget-container\">\n\t\t\t\t\t\t\t\t\t<p>Un joueur reste un joueur quel que soit le support sur lequel il joue tant qu\u2019il y prend du plaisir. Ici, vous retrouverez les articles traitant des consoles de fabricants tiers sous licences officielles ou aux m\u00e9thodes permettant de jouer \u00e0 vos jeux favoris partout et dans les meilleures conditions possibles via des m\u00e9thodes peu conventionnelles. AtGames, recallbox, modding, consoles (ou ordi) mini vous avez le choix.<\/p>\t\t\t\t\t\t\t\t<\/div>\n\t\t\t\t<\/div>\n\t\t\t\t<\/div>\n\t\t<div class=\"elementor-element elementor-element-ebeb24c e-con-full e-flex e-con e-child\" data-id=\"ebeb24c\" data-element_type=\"container\" data-e-type=\"container\">\n\t\t\t\t<div class=\"elementor-element elementor-element-120969f elementor-widget elementor-widget-image\" data-id=\"120969f\" data-element_type=\"widget\" data-e-type=\"widget\" data-widget_type=\"image.default\">\n\t\t\t\t<div class=\"elementor-widget-container\">\n\t\t\t\t\t\t\t\t\t\t\t\t\t\t\t<img decoding=\"async\" width=\"150\" height=\"150\" src=\"https:\/\/www.onestquedesjoueurs.fr\/wp-content\/uploads\/2024\/03\/emulation-150x150-1.png\" class=\"attachment-thumbnail size-thumbnail wp-image-16130\" alt=\"\" \/>\t\t\t\t\t\t\t\t\t\t\t\t\t\t\t<\/div>\n\t\t\t\t<\/div>\n\t\t\t\t<\/div>\n\t\t\t\t\t<\/div>\n\t\t\t\t<\/div>\n\t\t\t\t<section class=\"elementor-section elementor-top-section elementor-element elementor-element-4cf4eb3 elementor-section-content-top elementor-section-stretched elementor-section-full_width elementor-section-height-default elementor-section-height-default\" data-id=\"4cf4eb3\" data-element_type=\"section\" data-e-type=\"section\" data-settings=\"{&quot;stretch_section&quot;:&quot;section-stretched&quot;}\">\n\t\t\t\t\t\t<div class=\"elementor-container elementor-column-gap-extended\">\n\t\t\t\t\t<div class=\"elementor-column elementor-col-50 elementor-top-column elementor-element elementor-element-6af4dcb\" data-id=\"6af4dcb\" data-element_type=\"column\" data-e-type=\"column\">\n\t\t\t<div class=\"elementor-widget-wrap elementor-element-populated\">\n\t\t\t\t\t\t<div class=\"elementor-element elementor-element-9fa742e elementor-grid-eael-col-4 elementor-grid-tablet-eael-col-2 elementor-grid-mobile-eael-col-1 elementor-widget elementor-widget-eael-post-grid\" data-id=\"9fa742e\" data-element_type=\"widget\" data-e-type=\"widget\" data-settings=\"{&quot;eael_post_grid_columns&quot;:&quot;eael-col-4&quot;,&quot;eael_post_grid_columns_tablet&quot;:&quot;eael-col-2&quot;,&quot;eael_post_grid_columns_mobile&quot;:&quot;eael-col-1&quot;}\" data-widget_type=\"eael-post-grid.default\">\n\t\t\t\t<div class=\"elementor-widget-container\">\n\t\t\t\t\t<div id=\"eael-post-grid-9fa742e\" class=\"eael-post-grid-container\">\n            <div class=\"eael-post-grid eael-post-appender eael-post-appender-9fa742e eael-post-grid-style-one\" data-layout-mode=\"masonry\"><article class=\"eael-grid-post  eael-post-grid-column eael-pg-post-809 category-emulation-sega-legacy-sony tags-at-games-emulation-mega-drive-megadrive-portable-nomad-psp-retrogaming\" data-id=\"809\">\n        <div class=\"eael-grid-post-holder\">\n            <div class=\"eael-grid-post-holder-inner\"><div class=\"eael-entry-media\"><div class=\"eael-entry-overlay none\"><i class=\"fas fa-long-arrow-alt-right\" aria-hidden=\"true\"><\/i><a href=\"https:\/\/www.onestquedesjoueurs.fr\/index.php\/2024\/02\/21\/sony-psp-et-si-la-meilleure-portable-sega-cetait-elle\/\"><\/a><\/div><div class=\"eael-entry-thumbnail \">\n                <img decoding=\"async\" src=\"https:\/\/www.onestquedesjoueurs.fr\/wp-content\/uploads\/2024\/02\/PsP-950x350.png-945x348.jpg\" alt=\"PsP 950x350.png\" \/>\n            <\/div>\n        <\/div><div class=\"eael-entry-wrapper\"><header class=\"eael-entry-header\"><h2 class=\"eael-entry-title\"><a class=\"eael-grid-post-link\" href=\"https:\/\/www.onestquedesjoueurs.fr\/index.php\/2024\/02\/21\/sony-psp-et-si-la-meilleure-portable-sega-cetait-elle\/\" title=\"Sony PSP et si la meilleure portable SEGA c\u2019\u00e9tait elle ?\">Sony PSP et si la meilleure portable SEGA c\u2019\u00e9tait elle ?<\/a><\/h2><\/header><div class=\"eael-entry-content\">\n                        <div class=\"eael-grid-post-excerpt\"><p>Premi\u00e8re publication le 3 juillet 2023 sur Sega Legacy Non non amis(es) Legaciens, vous ne r\u00eavez pas, vous avez bien lu. Je me pose vraiment la question en ce mois...<\/p><a href=\"https:\/\/www.onestquedesjoueurs.fr\/index.php\/2024\/02\/21\/sony-psp-et-si-la-meilleure-portable-sega-cetait-elle\/\" class=\"eael-post-elements-readmore-btn\">Lire la suite<\/a><\/div>\n                    <\/div><div class=\"eael-entry-footer\"><div class=\"eael-author-avatar\"><a href=\"https:\/\/www.onestquedesjoueurs.fr\/index.php\/author\/machintruc76\/\"><img alt='Machintruc76' src='https:\/\/secure.gravatar.com\/avatar\/c3acfe1c9d2253986b787a452dccf79c65f873e47257241d39bb381af19d0dcd?s=96&#038;d=mm&#038;r=g' srcset='https:\/\/secure.gravatar.com\/avatar\/c3acfe1c9d2253986b787a452dccf79c65f873e47257241d39bb381af19d0dcd?s=192&#038;d=mm&#038;r=g 2x' class='avatar avatar-96 photo' height='96' width='96' \/><\/a><\/div><div class=\"eael-entry-meta\"><span class=\"eael-posted-by\"><a href=\"https:\/\/www.onestquedesjoueurs.fr\/index.php\/author\/machintruc76\/\" title=\"Posts by Machintruc76\" rel=\"author\">Machintruc76<\/a><\/span><\/div><\/div><\/div><\/div>\n        <\/div>\n    <\/article><article class=\"eael-grid-post  eael-post-grid-column eael-pg-post-228 category-emulation-sega-legacy tags-at-games-megadrive-sega\" data-id=\"228\">\n        <div class=\"eael-grid-post-holder\">\n            <div class=\"eael-grid-post-holder-inner\"><div class=\"eael-entry-media\"><div class=\"eael-entry-overlay none\"><i class=\"fas fa-long-arrow-alt-right\" aria-hidden=\"true\"><\/i><a href=\"https:\/\/www.onestquedesjoueurs.fr\/index.php\/2024\/02\/15\/at-games-mega-drive-the-ultimate-portable-game-playeur-heuvraiment\/\"><\/a><\/div><div class=\"eael-entry-thumbnail \">\n                <img decoding=\"async\" src=\"https:\/\/www.onestquedesjoueurs.fr\/wp-content\/uploads\/2024\/02\/image-mise-en-avant-945x348.png\" alt=\"image mise en avant\" \/>\n            <\/div>\n        <\/div><div class=\"eael-entry-wrapper\"><header class=\"eael-entry-header\"><h2 class=\"eael-entry-title\"><a class=\"eael-grid-post-link\" href=\"https:\/\/www.onestquedesjoueurs.fr\/index.php\/2024\/02\/15\/at-games-mega-drive-the-ultimate-portable-game-playeur-heuvraiment\/\" title=\"AT Games Mega Drive : The \u201cUltimate portable game playeur \u201d Heu\u2026Vraiment?!\">AT Games Mega Drive : The \u201cUltimate portable game playeur \u201d Heu\u2026Vraiment?!<\/a><\/h2><\/header><div class=\"eael-entry-content\">\n                        <div class=\"eael-grid-post-excerpt\"><p>Premi\u00e8re publication le 9 octobre 2017 sur Sega Legacy Bonjour amis(es) Legaciens, J\u2019esp\u00e8re que vous pr\u00eats comme nous pour d\u00e9buter cette troisi\u00e8me saison sur SEGA LEGACY. Avec mon emploi du...<\/p><a href=\"https:\/\/www.onestquedesjoueurs.fr\/index.php\/2024\/02\/15\/at-games-mega-drive-the-ultimate-portable-game-playeur-heuvraiment\/\" class=\"eael-post-elements-readmore-btn\">Lire la suite<\/a><\/div>\n                    <\/div><div class=\"eael-entry-footer\"><div class=\"eael-author-avatar\"><a href=\"https:\/\/www.onestquedesjoueurs.fr\/index.php\/author\/machintruc76\/\"><img alt='Machintruc76' src='https:\/\/secure.gravatar.com\/avatar\/c3acfe1c9d2253986b787a452dccf79c65f873e47257241d39bb381af19d0dcd?s=96&#038;d=mm&#038;r=g' srcset='https:\/\/secure.gravatar.com\/avatar\/c3acfe1c9d2253986b787a452dccf79c65f873e47257241d39bb381af19d0dcd?s=192&#038;d=mm&#038;r=g 2x' class='avatar avatar-96 photo' height='96' width='96' \/><\/a><\/div><div class=\"eael-entry-meta\"><span class=\"eael-posted-by\"><a href=\"https:\/\/www.onestquedesjoueurs.fr\/index.php\/author\/machintruc76\/\" title=\"Posts by Machintruc76\" rel=\"author\">Machintruc76<\/a><\/span><\/div><\/div><\/div><\/div>\n        <\/div>\n    <\/article><article class=\"eael-grid-post  eael-post-grid-column eael-pg-post-55 category-emulation-sega-legacy tags-at-games-master-system-retrogaming-sega\" data-id=\"55\">\n        <div class=\"eael-grid-post-holder\">\n            <div class=\"eael-grid-post-holder-inner\"><div class=\"eael-entry-media\"><div class=\"eael-entry-overlay none\"><i class=\"fas fa-long-arrow-alt-right\" aria-hidden=\"true\"><\/i><a href=\"https:\/\/www.onestquedesjoueurs.fr\/index.php\/2024\/02\/13\/at-games-master-system\/\"><\/a><\/div><div class=\"eael-entry-thumbnail \">\n                <img decoding=\"async\" src=\"https:\/\/www.onestquedesjoueurs.fr\/wp-content\/uploads\/2024\/02\/image-mise-en-avat-atmaster-945x348.png\" alt=\"image mise en avat atmaster\" \/>\n            <\/div>\n        <\/div><div class=\"eael-entry-wrapper\"><header class=\"eael-entry-header\"><h2 class=\"eael-entry-title\"><a class=\"eael-grid-post-link\" href=\"https:\/\/www.onestquedesjoueurs.fr\/index.php\/2024\/02\/13\/at-games-master-system\/\" title=\"AT GAMES Master System\">AT GAMES Master System<\/a><\/h2><\/header><div class=\"eael-entry-content\">\n                        <div class=\"eael-grid-post-excerpt\"><p>Premi\u00e8re publication le 22 octobre 2015&nbsp;sur Sega Legacy Bonjour amis(es) de la firme au h\u00e9risson bleu, Aujourd\u2019hui, je ne vais pas vous conter un souvenir de gamer (l\u2019article arrivera un...<\/p><a href=\"https:\/\/www.onestquedesjoueurs.fr\/index.php\/2024\/02\/13\/at-games-master-system\/\" class=\"eael-post-elements-readmore-btn\">Lire la suite<\/a><\/div>\n                    <\/div><div class=\"eael-entry-footer\"><div class=\"eael-author-avatar\"><a href=\"https:\/\/www.onestquedesjoueurs.fr\/index.php\/author\/machintruc76\/\"><img alt='Machintruc76' src='https:\/\/secure.gravatar.com\/avatar\/c3acfe1c9d2253986b787a452dccf79c65f873e47257241d39bb381af19d0dcd?s=96&#038;d=mm&#038;r=g' srcset='https:\/\/secure.gravatar.com\/avatar\/c3acfe1c9d2253986b787a452dccf79c65f873e47257241d39bb381af19d0dcd?s=192&#038;d=mm&#038;r=g 2x' class='avatar avatar-96 photo' height='96' width='96' \/><\/a><\/div><div class=\"eael-entry-meta\"><span class=\"eael-posted-by\"><a href=\"https:\/\/www.onestquedesjoueurs.fr\/index.php\/author\/machintruc76\/\" title=\"Posts by Machintruc76\" rel=\"author\">Machintruc76<\/a><\/span><\/div><\/div><\/div><\/div>\n        <\/div>\n    <\/article><\/div>\n            <div class=\"clearfix\"><\/div>\n        <\/div>\t\t\t\t<\/div>\n\t\t\t\t<\/div>\n\t\t\t\t\t<\/div>\n\t\t<\/div>\n\t\t\t\t<div class=\"elementor-column elementor-col-50 elementor-top-column elementor-element elementor-element-34975a2\" data-id=\"34975a2\" data-element_type=\"column\" data-e-type=\"column\">\n\t\t\t<div class=\"elementor-widget-wrap\">\n\t\t\t\t\t\t\t<\/div>\n\t\t<\/div>\n\t\t\t\t\t<\/div>\n\t\t<\/section>\n\t\t\t\t<\/div>\n\t\t","protected":false},"excerpt":{"rendered":"<p>Un joueur reste un joueur quel que soit le support sur lequel il joue tant qu\u2019il y prend du plaisir. Ici, vous retrouverez les articles traitant des consoles de fabricants tiers sous licences officielles ou aux m\u00e9thodes permettant de jouer \u00e0 vos jeux favoris partout et dans les meilleures conditions possibles via des m\u00e9thodes peu [&hellip;]<\/p>\n","protected":false},"author":1,"featured_media":0,"parent":0,"menu_order":0,"comment_status":"closed","ping_status":"closed","template":"elementor_header_footer","meta":{"footnotes":""},"class_list":["post-15728","page","type-page","status-publish","hentry"],"yoast_head":"<!-- This site is optimized with the Yoast SEO plugin v27.4 - https:\/\/yoast.com\/product\/yoast-seo-wordpress\/ -->\n<title>Emulation - Onestquedesjoueurs.fr<\/title>\n<meta name=\"description\" content=\"Retrouvez l&#039;ensemble de nos articles soit sur l\u2019histoire de SEGA, des interviews, des tutos, guides de jeux, des critiques...\" \/>\n<meta name=\"robots\" content=\"index, follow, max-snippet:-1, max-image-preview:large, max-video-preview:-1\" \/>\n<link rel=\"canonical\" href=\"https:\/\/www.onestquedesjoueurs.fr\/index.php\/emulation\/\" \/>\n<meta property=\"og:locale\" content=\"fr_FR\" \/>\n<meta property=\"og:type\" content=\"article\" \/>\n<meta property=\"og:title\" content=\"Emulation - Onestquedesjoueurs.fr\" \/>\n<meta property=\"og:description\" content=\"Retrouvez l&#039;ensemble de nos articles soit sur l\u2019histoire de SEGA, des interviews, des tutos, guides de jeux, des critiques...\" \/>\n<meta property=\"og:url\" content=\"https:\/\/www.onestquedesjoueurs.fr\/index.php\/emulation\/\" \/>\n<meta property=\"og:site_name\" content=\"Onestquedesjoueurs.fr\" \/>\n<meta property=\"article:publisher\" content=\"https:\/\/www.facebook.com\/profile.php?id=61558303130089\" \/>\n<meta property=\"article:modified_time\" content=\"2024-05-29T11:43:17+00:00\" \/>\n<meta property=\"og:image\" content=\"http:\/\/www.onestquedesjoueurs.fr\/wp-content\/uploads\/2024\/03\/emulation-150x150-1.png\" \/>\n<meta name=\"twitter:card\" content=\"summary_large_image\" \/>\n<meta name=\"twitter:site\" content=\"@quedesjoueurs\" \/>\n<meta name=\"twitter:label1\" content=\"Dur\u00e9e de lecture estim\u00e9e\" \/>\n\t<meta name=\"twitter:data1\" content=\"3 minutes\" \/>\n<script type=\"application\/ld+json\" class=\"yoast-schema-graph\">{\"@context\":\"https:\\\/\\\/schema.org\",\"@graph\":[{\"@type\":\"WebPage\",\"@id\":\"https:\\\/\\\/www.onestquedesjoueurs.fr\\\/index.php\\\/emulation\\\/\",\"url\":\"https:\\\/\\\/www.onestquedesjoueurs.fr\\\/index.php\\\/emulation\\\/\",\"name\":\"Emulation - Onestquedesjoueurs.fr\",\"isPartOf\":{\"@id\":\"https:\\\/\\\/www.onestquedesjoueurs.fr\\\/#website\"},\"primaryImageOfPage\":{\"@id\":\"https:\\\/\\\/www.onestquedesjoueurs.fr\\\/index.php\\\/emulation\\\/#primaryimage\"},\"image\":{\"@id\":\"https:\\\/\\\/www.onestquedesjoueurs.fr\\\/index.php\\\/emulation\\\/#primaryimage\"},\"thumbnailUrl\":\"http:\\\/\\\/www.onestquedesjoueurs.fr\\\/wp-content\\\/uploads\\\/2024\\\/03\\\/emulation-150x150-1.png\",\"datePublished\":\"2024-03-08T14:51:01+00:00\",\"dateModified\":\"2024-05-29T11:43:17+00:00\",\"description\":\"Retrouvez l'ensemble de nos articles soit sur l\u2019histoire de SEGA, des interviews, des tutos, guides de jeux, des critiques...\",\"breadcrumb\":{\"@id\":\"https:\\\/\\\/www.onestquedesjoueurs.fr\\\/index.php\\\/emulation\\\/#breadcrumb\"},\"inLanguage\":\"fr-FR\",\"potentialAction\":[{\"@type\":\"ReadAction\",\"target\":[\"https:\\\/\\\/www.onestquedesjoueurs.fr\\\/index.php\\\/emulation\\\/\"]}]},{\"@type\":\"ImageObject\",\"inLanguage\":\"fr-FR\",\"@id\":\"https:\\\/\\\/www.onestquedesjoueurs.fr\\\/index.php\\\/emulation\\\/#primaryimage\",\"url\":\"https:\\\/\\\/www.onestquedesjoueurs.fr\\\/wp-content\\\/uploads\\\/2024\\\/03\\\/emulation-150x150-1.png\",\"contentUrl\":\"https:\\\/\\\/www.onestquedesjoueurs.fr\\\/wp-content\\\/uploads\\\/2024\\\/03\\\/emulation-150x150-1.png\",\"width\":150,\"height\":150},{\"@type\":\"BreadcrumbList\",\"@id\":\"https:\\\/\\\/www.onestquedesjoueurs.fr\\\/index.php\\\/emulation\\\/#breadcrumb\",\"itemListElement\":[{\"@type\":\"ListItem\",\"position\":1,\"name\":\"Accueil\",\"item\":\"https:\\\/\\\/www.onestquedesjoueurs.fr\\\/\"},{\"@type\":\"ListItem\",\"position\":2,\"name\":\"Emulation\"}]},{\"@type\":\"WebSite\",\"@id\":\"https:\\\/\\\/www.onestquedesjoueurs.fr\\\/#website\",\"url\":\"https:\\\/\\\/www.onestquedesjoueurs.fr\\\/\",\"name\":\"Onestquedesjoueurs.fr\",\"description\":\"Parce que nous restons des joueurs avant tout.\",\"publisher\":{\"@id\":\"https:\\\/\\\/www.onestquedesjoueurs.fr\\\/#organization\"},\"potentialAction\":[{\"@type\":\"SearchAction\",\"target\":{\"@type\":\"EntryPoint\",\"urlTemplate\":\"https:\\\/\\\/www.onestquedesjoueurs.fr\\\/?s={search_term_string}\"},\"query-input\":{\"@type\":\"PropertyValueSpecification\",\"valueRequired\":true,\"valueName\":\"search_term_string\"}}],\"inLanguage\":\"fr-FR\"},{\"@type\":\"Organization\",\"@id\":\"https:\\\/\\\/www.onestquedesjoueurs.fr\\\/#organization\",\"name\":\"Onestquedesjoueurs.fr\",\"url\":\"https:\\\/\\\/www.onestquedesjoueurs.fr\\\/\",\"logo\":{\"@type\":\"ImageObject\",\"inLanguage\":\"fr-FR\",\"@id\":\"https:\\\/\\\/www.onestquedesjoueurs.fr\\\/#\\\/schema\\\/logo\\\/image\\\/\",\"url\":\"https:\\\/\\\/www.onestquedesjoueurs.fr\\\/wp-content\\\/uploads\\\/2024\\\/04\\\/Que-des-joueurs-band-350x100-120ppp.png\",\"contentUrl\":\"https:\\\/\\\/www.onestquedesjoueurs.fr\\\/wp-content\\\/uploads\\\/2024\\\/04\\\/Que-des-joueurs-band-350x100-120ppp.png\",\"width\":350,\"height\":100,\"caption\":\"Onestquedesjoueurs.fr\"},\"image\":{\"@id\":\"https:\\\/\\\/www.onestquedesjoueurs.fr\\\/#\\\/schema\\\/logo\\\/image\\\/\"},\"sameAs\":[\"https:\\\/\\\/www.facebook.com\\\/profile.php?id=61558303130089\",\"https:\\\/\\\/x.com\\\/quedesjoueurs\"]}]}<\/script>\n<!-- \/ Yoast SEO plugin. -->","yoast_head_json":{"title":"Emulation - Onestquedesjoueurs.fr","description":"Retrouvez l'ensemble de nos articles soit sur l\u2019histoire de SEGA, des interviews, des tutos, guides de jeux, des critiques...","robots":{"index":"index","follow":"follow","max-snippet":"max-snippet:-1","max-image-preview":"max-image-preview:large","max-video-preview":"max-video-preview:-1"},"canonical":"https:\/\/www.onestquedesjoueurs.fr\/index.php\/emulation\/","og_locale":"fr_FR","og_type":"article","og_title":"Emulation - Onestquedesjoueurs.fr","og_description":"Retrouvez l'ensemble de nos articles soit sur l\u2019histoire de SEGA, des interviews, des tutos, guides de jeux, des critiques...","og_url":"https:\/\/www.onestquedesjoueurs.fr\/index.php\/emulation\/","og_site_name":"Onestquedesjoueurs.fr","article_publisher":"https:\/\/www.facebook.com\/profile.php?id=61558303130089","article_modified_time":"2024-05-29T11:43:17+00:00","og_image":[{"url":"http:\/\/www.onestquedesjoueurs.fr\/wp-content\/uploads\/2024\/03\/emulation-150x150-1.png","type":"","width":"","height":""}],"twitter_card":"summary_large_image","twitter_site":"@quedesjoueurs","twitter_misc":{"Dur\u00e9e de lecture estim\u00e9e":"3 minutes"},"schema":{"@context":"https:\/\/schema.org","@graph":[{"@type":"WebPage","@id":"https:\/\/www.onestquedesjoueurs.fr\/index.php\/emulation\/","url":"https:\/\/www.onestquedesjoueurs.fr\/index.php\/emulation\/","name":"Emulation - Onestquedesjoueurs.fr","isPartOf":{"@id":"https:\/\/www.onestquedesjoueurs.fr\/#website"},"primaryImageOfPage":{"@id":"https:\/\/www.onestquedesjoueurs.fr\/index.php\/emulation\/#primaryimage"},"image":{"@id":"https:\/\/www.onestquedesjoueurs.fr\/index.php\/emulation\/#primaryimage"},"thumbnailUrl":"http:\/\/www.onestquedesjoueurs.fr\/wp-content\/uploads\/2024\/03\/emulation-150x150-1.png","datePublished":"2024-03-08T14:51:01+00:00","dateModified":"2024-05-29T11:43:17+00:00","description":"Retrouvez l'ensemble de nos articles soit sur l\u2019histoire de SEGA, des interviews, des tutos, guides de jeux, des critiques...","breadcrumb":{"@id":"https:\/\/www.onestquedesjoueurs.fr\/index.php\/emulation\/#breadcrumb"},"inLanguage":"fr-FR","potentialAction":[{"@type":"ReadAction","target":["https:\/\/www.onestquedesjoueurs.fr\/index.php\/emulation\/"]}]},{"@type":"ImageObject","inLanguage":"fr-FR","@id":"https:\/\/www.onestquedesjoueurs.fr\/index.php\/emulation\/#primaryimage","url":"https:\/\/www.onestquedesjoueurs.fr\/wp-content\/uploads\/2024\/03\/emulation-150x150-1.png","contentUrl":"https:\/\/www.onestquedesjoueurs.fr\/wp-content\/uploads\/2024\/03\/emulation-150x150-1.png","width":150,"height":150},{"@type":"BreadcrumbList","@id":"https:\/\/www.onestquedesjoueurs.fr\/index.php\/emulation\/#breadcrumb","itemListElement":[{"@type":"ListItem","position":1,"name":"Accueil","item":"https:\/\/www.onestquedesjoueurs.fr\/"},{"@type":"ListItem","position":2,"name":"Emulation"}]},{"@type":"WebSite","@id":"https:\/\/www.onestquedesjoueurs.fr\/#website","url":"https:\/\/www.onestquedesjoueurs.fr\/","name":"Onestquedesjoueurs.fr","description":"Parce que nous restons des joueurs avant tout.","publisher":{"@id":"https:\/\/www.onestquedesjoueurs.fr\/#organization"},"potentialAction":[{"@type":"SearchAction","target":{"@type":"EntryPoint","urlTemplate":"https:\/\/www.onestquedesjoueurs.fr\/?s={search_term_string}"},"query-input":{"@type":"PropertyValueSpecification","valueRequired":true,"valueName":"search_term_string"}}],"inLanguage":"fr-FR"},{"@type":"Organization","@id":"https:\/\/www.onestquedesjoueurs.fr\/#organization","name":"Onestquedesjoueurs.fr","url":"https:\/\/www.onestquedesjoueurs.fr\/","logo":{"@type":"ImageObject","inLanguage":"fr-FR","@id":"https:\/\/www.onestquedesjoueurs.fr\/#\/schema\/logo\/image\/","url":"https:\/\/www.onestquedesjoueurs.fr\/wp-content\/uploads\/2024\/04\/Que-des-joueurs-band-350x100-120ppp.png","contentUrl":"https:\/\/www.onestquedesjoueurs.fr\/wp-content\/uploads\/2024\/04\/Que-des-joueurs-band-350x100-120ppp.png","width":350,"height":100,"caption":"Onestquedesjoueurs.fr"},"image":{"@id":"https:\/\/www.onestquedesjoueurs.fr\/#\/schema\/logo\/image\/"},"sameAs":["https:\/\/www.facebook.com\/profile.php?id=61558303130089","https:\/\/x.com\/quedesjoueurs"]}]}},"_links":{"self":[{"href":"https:\/\/www.onestquedesjoueurs.fr\/index.php\/wp-json\/wp\/v2\/pages\/15728","targetHints":{"allow":["GET"]}}],"collection":[{"href":"https:\/\/www.onestquedesjoueurs.fr\/index.php\/wp-json\/wp\/v2\/pages"}],"about":[{"href":"https:\/\/www.onestquedesjoueurs.fr\/index.php\/wp-json\/wp\/v2\/types\/page"}],"author":[{"embeddable":true,"href":"https:\/\/www.onestquedesjoueurs.fr\/index.php\/wp-json\/wp\/v2\/users\/1"}],"replies":[{"embeddable":true,"href":"https:\/\/www.onestquedesjoueurs.fr\/index.php\/wp-json\/wp\/v2\/comments?post=15728"}],"version-history":[{"count":32,"href":"https:\/\/www.onestquedesjoueurs.fr\/index.php\/wp-json\/wp\/v2\/pages\/15728\/revisions"}],"predecessor-version":[{"id":16530,"href":"https:\/\/www.onestquedesjoueurs.fr\/index.php\/wp-json\/wp\/v2\/pages\/15728\/revisions\/16530"}],"wp:attachment":[{"href":"https:\/\/www.onestquedesjoueurs.fr\/index.php\/wp-json\/wp\/v2\/media?parent=15728"}],"curies":[{"name":"wp","href":"https:\/\/api.w.org\/{rel}","templated":true}]}}