{"id":16227,"date":"2024-04-02T20:32:10","date_gmt":"2024-04-02T18:32:10","guid":{"rendered":"https:\/\/www.onestquedesjoueurs.fr\/?page_id=16227"},"modified":"2024-05-29T13:42:30","modified_gmt":"2024-05-29T11:42:30","slug":"contactez-nous","status":"publish","type":"page","link":"https:\/\/www.onestquedesjoueurs.fr\/index.php\/contactez-nous\/","title":{"rendered":"Contactez nous"},"content":{"rendered":"\t\t<div data-elementor-type=\"wp-page\" data-elementor-id=\"16227\" class=\"elementor elementor-16227\">\n\t\t\t\t<div class=\"elementor-element elementor-element-2235c8b e-flex e-con-boxed e-con e-parent\" data-id=\"2235c8b\" data-element_type=\"container\" data-e-type=\"container\">\n\t\t\t\t\t<div class=\"e-con-inner\">\n\t\t\t\t<div class=\"elementor-element elementor-element-3b34fb6 elementor-widget elementor-widget-text-editor\" data-id=\"3b34fb6\" data-element_type=\"widget\" data-e-type=\"widget\" data-widget_type=\"text-editor.default\">\n\t\t\t\t<div class=\"elementor-widget-container\">\n\t\t\t\t\t\t\t\t\t<p>Comme annonc\u00e9 sur la page d&rsquo;accueil, je souhaite que ce site soit \u00e9galement le v\u00f4tre. Si vous voulez partager un souvenir, une anecdote ou encore un test, et ce, de mani\u00e8re ponctuelle ou r\u00e9currente, vous \u00eates le\/la bienvenue.<\/p>\t\t\t\t\t\t\t\t<\/div>\n\t\t\t\t<\/div>\n\t\t\t\t\t<\/div>\n\t\t\t\t<\/div>\n\t\t<div class=\"elementor-element elementor-element-36cd12b e-flex e-con-boxed e-con e-parent\" data-id=\"36cd12b\" data-element_type=\"container\" data-e-type=\"container\">\n\t\t\t\t\t<div class=\"e-con-inner\">\n\t\t\t\t<div class=\"elementor-element elementor-element-befdef3 elementor-widget elementor-widget-shortcode\" data-id=\"befdef3\" data-element_type=\"widget\" data-e-type=\"widget\" data-widget_type=\"shortcode.default\">\n\t\t\t\t<div class=\"elementor-widget-container\">\n\t\t\t\t\t\t\t<div class=\"elementor-shortcode\"><style id=\"wpforms-css-vars-16215\">\n\t\t\t\t#wpforms-16215 {\n\t\t\t\t\n\t\t\t}\n\t\t\t<\/style><div class=\"wpforms-container wpforms-container-full wpforms-render-modern\" id=\"wpforms-16215\"><form id=\"wpforms-form-16215\" class=\"wpforms-validate wpforms-form wpforms-ajax-form\" data-formid=\"16215\" method=\"post\" enctype=\"multipart\/form-data\" action=\"\/index.php\/wp-json\/wp\/v2\/pages\/16227\" data-token=\"6204f645f84e3018afb1e7d357c292bf\" data-token-time=\"1776082817\"><noscript class=\"wpforms-error-noscript\">Veuillez activer JavaScript dans votre navigateur pour remplir ce formulaire.<\/noscript><div id=\"wpforms-error-noscript\" style=\"display: none;\">Veuillez activer JavaScript dans votre navigateur pour remplir ce formulaire.<\/div><div class=\"wpforms-field-container\"><div id=\"wpforms-16215-field_0-container\" class=\"wpforms-field wpforms-field-name\" data-field-id=\"0\"><label class=\"wpforms-field-label\" for=\"wpforms-16215-field_0\">Pseudo \/ GamerTag <span class=\"wpforms-required-label\" aria-hidden=\"true\">*<\/span><\/label><input type=\"text\" id=\"wpforms-16215-field_0\" class=\"wpforms-field-medium wpforms-field-required\" name=\"wpforms[fields][0]\" aria-errormessage=\"wpforms-16215-field_0-error\" required><\/div><div id=\"wpforms-16215-field_1-container\" class=\"wpforms-field wpforms-field-email\" data-field-id=\"1\"><label class=\"wpforms-field-label\" for=\"wpforms-16215-field_1\">E-mail <span class=\"wpforms-required-label\" aria-hidden=\"true\">*<\/span><\/label><input type=\"email\" id=\"wpforms-16215-field_1\" class=\"wpforms-field-medium wpforms-field-required\" name=\"wpforms[fields][1]\" spellcheck=\"false\" aria-errormessage=\"wpforms-16215-field_1-error\" required><\/div><div id=\"wpforms-16215-field_3-container\" class=\"wpforms-field wpforms-field-select wpforms-field-select-style-classic\" data-field-id=\"3\"><label class=\"wpforms-field-label\" for=\"wpforms-16215-field_3\">Vous souhaitez nous contacter pour:<\/label><select id=\"wpforms-16215-field_3\" class=\"wpforms-field-medium\" name=\"wpforms[fields][3]\"><option value=\"Nous partager un souvenir de joueur\"  class=\"choice-1 depth-1\"  >Nous partager un souvenir de joueur<\/option><option value=\"Ecrire un article de votre choix\"  class=\"choice-2 depth-1\"  >Ecrire un article de votre choix<\/option><option value=\"Autre\"  class=\"choice-3 depth-1\"  >Autre<\/option><\/select><div id=\"wpforms-16215-field_3-description\" class=\"wpforms-field-description\">Aucunes donn\u00e9es ne sera partag\u00e9 sans votre accord.\r\nAucunes donn\u00e9es ne sera transmises \u00e0 des fins commerciales.<\/div><\/div><div id=\"wpforms-16215-field_2-container\" class=\"wpforms-field wpforms-field-textarea\" data-field-id=\"2\"><label class=\"wpforms-field-label\" for=\"wpforms-16215-field_2\">Commentaire ou message <span class=\"wpforms-required-label\" aria-hidden=\"true\">*<\/span><\/label><textarea id=\"wpforms-16215-field_2\" class=\"wpforms-field-medium wpforms-field-required\" name=\"wpforms[fields][2]\" aria-errormessage=\"wpforms-16215-field_2-error\" required><\/textarea><\/div><\/div><!-- .wpforms-field-container -->\r\n\t\t\t<script>\r\n\t\t\tif ( typeof huOptions !== 'undefined' ) {\r\n\t\t\t\tvar huFormData = {\"source\":\"wpforms\",\"id\":16215,\"title\":\"Contactez-nous !!!\",\"fields\":{\"subject\":{\"first_name\":\"\",\"last_name\":\"\"}}};\r\n\t\t\t\tvar huFormNode = document.querySelector( '[id=\"wpforms-16215\"] form' );\r\n\r\n\t\t\t\tvar firstName = huFormNode.querySelector( 'input.wpforms-field-name-first' );\r\n\t\t\t\tvar lastName = huFormNode.querySelector( 'input.wpforms-field-name-last' );\r\n\r\n\t\t\t\tif ( firstName )\r\n\t\t\t\t\thuFormData['fields']['subject']['first_name'] = firstName.getAttribute( 'name' );\r\n\r\n\t\t\t\tif ( lastName )\r\n\t\t\t\t\thuFormData['fields']['subject']['last_name'] = lastName.getAttribute( 'name' );\r\n\r\n\t\t\t\thuFormData['node'] = huFormNode;\r\n\t\t\t\thuOptions['forms'].push( huFormData );\r\n\t\t\t}\r\n\t\t\t<\/script><div class=\"wpforms-submit-container\" ><input type=\"hidden\" name=\"wpforms[id]\" value=\"16215\"><input type=\"hidden\" name=\"page_title\" value=\"\"><input type=\"hidden\" name=\"page_url\" value=\"https:\/\/www.onestquedesjoueurs.fr\/index.php\/wp-json\/wp\/v2\/pages\/16227\"><input type=\"hidden\" name=\"url_referer\" value=\"\"><button type=\"submit\" name=\"wpforms[submit]\" id=\"wpforms-submit-16215\" class=\"wpforms-submit\" data-alt-text=\"Envoi...\" data-submit-text=\"Envoyer\" aria-live=\"assertive\" value=\"wpforms-submit\">Envoyer<\/button><img decoding=\"async\" src=\"https:\/\/www.onestquedesjoueurs.fr\/wp-content\/plugins\/wpforms-lite\/assets\/images\/submit-spin.svg\" class=\"wpforms-submit-spinner\" style=\"display: none;\" width=\"26\" height=\"26\" alt=\"Chargement en cours\"><\/div><\/form><\/div>  <!-- .wpforms-container --><\/div>\n\t\t\t\t\t\t<\/div>\n\t\t\t\t<\/div>\n\t\t\t\t\t<\/div>\n\t\t\t\t<\/div>\n\t\t\t\t<\/div>\n\t\t","protected":false},"excerpt":{"rendered":"<p>Comme annonc\u00e9 sur la page d&rsquo;accueil, je souhaite que ce site soit \u00e9galement le v\u00f4tre. Si vous voulez partager un souvenir, une anecdote ou encore un test, et ce, de mani\u00e8re ponctuelle ou r\u00e9currente, vous \u00eates le\/la bienvenue.<\/p>\n","protected":false},"author":1,"featured_media":0,"parent":0,"menu_order":0,"comment_status":"closed","ping_status":"closed","template":"","meta":{"footnotes":""},"class_list":["post-16227","page","type-page","status-publish","hentry"],"yoast_head":"<!-- This site is optimized with the Yoast SEO plugin v27.3 - https:\/\/yoast.com\/product\/yoast-seo-wordpress\/ -->\n<title>Contactez nous - Onestquedesjoueurs.fr<\/title>\n<meta name=\"robots\" content=\"index, follow, max-snippet:-1, max-image-preview:large, max-video-preview:-1\" \/>\n<link rel=\"canonical\" href=\"https:\/\/www.onestquedesjoueurs.fr\/index.php\/contactez-nous\/\" \/>\n<meta property=\"og:locale\" content=\"fr_FR\" \/>\n<meta property=\"og:type\" content=\"article\" \/>\n<meta property=\"og:title\" content=\"Contactez nous - Onestquedesjoueurs.fr\" \/>\n<meta property=\"og:description\" content=\"Comme annonc\u00e9 sur la page d&rsquo;accueil, je souhaite que ce site soit \u00e9galement le v\u00f4tre. Si vous voulez partager un souvenir, une anecdote ou encore un test, et ce, de mani\u00e8re ponctuelle ou r\u00e9currente, vous \u00eates le\/la bienvenue.\" \/>\n<meta property=\"og:url\" content=\"https:\/\/www.onestquedesjoueurs.fr\/index.php\/contactez-nous\/\" \/>\n<meta property=\"og:site_name\" content=\"Onestquedesjoueurs.fr\" \/>\n<meta property=\"article:publisher\" content=\"https:\/\/www.facebook.com\/profile.php?id=61558303130089\" \/>\n<meta property=\"article:modified_time\" content=\"2024-05-29T11:42:30+00:00\" \/>\n<meta name=\"twitter:card\" content=\"summary_large_image\" \/>\n<meta name=\"twitter:site\" content=\"@quedesjoueurs\" \/>\n<meta name=\"twitter:label1\" content=\"Dur\u00e9e de lecture estim\u00e9e\" \/>\n\t<meta name=\"twitter:data1\" content=\"1 minute\" \/>\n<script type=\"application\/ld+json\" class=\"yoast-schema-graph\">{\"@context\":\"https:\\\/\\\/schema.org\",\"@graph\":[{\"@type\":\"WebPage\",\"@id\":\"https:\\\/\\\/www.onestquedesjoueurs.fr\\\/index.php\\\/contactez-nous\\\/\",\"url\":\"https:\\\/\\\/www.onestquedesjoueurs.fr\\\/index.php\\\/contactez-nous\\\/\",\"name\":\"Contactez nous - Onestquedesjoueurs.fr\",\"isPartOf\":{\"@id\":\"https:\\\/\\\/www.onestquedesjoueurs.fr\\\/#website\"},\"datePublished\":\"2024-04-02T18:32:10+00:00\",\"dateModified\":\"2024-05-29T11:42:30+00:00\",\"breadcrumb\":{\"@id\":\"https:\\\/\\\/www.onestquedesjoueurs.fr\\\/index.php\\\/contactez-nous\\\/#breadcrumb\"},\"inLanguage\":\"fr-FR\",\"potentialAction\":[{\"@type\":\"ReadAction\",\"target\":[\"https:\\\/\\\/www.onestquedesjoueurs.fr\\\/index.php\\\/contactez-nous\\\/\"]}]},{\"@type\":\"BreadcrumbList\",\"@id\":\"https:\\\/\\\/www.onestquedesjoueurs.fr\\\/index.php\\\/contactez-nous\\\/#breadcrumb\",\"itemListElement\":[{\"@type\":\"ListItem\",\"position\":1,\"name\":\"Accueil\",\"item\":\"https:\\\/\\\/www.onestquedesjoueurs.fr\\\/\"},{\"@type\":\"ListItem\",\"position\":2,\"name\":\"Contactez nous\"}]},{\"@type\":\"WebSite\",\"@id\":\"https:\\\/\\\/www.onestquedesjoueurs.fr\\\/#website\",\"url\":\"https:\\\/\\\/www.onestquedesjoueurs.fr\\\/\",\"name\":\"Onestquedesjoueurs.fr\",\"description\":\"Parce que nous restons des joueurs avant tout.\",\"publisher\":{\"@id\":\"https:\\\/\\\/www.onestquedesjoueurs.fr\\\/#organization\"},\"potentialAction\":[{\"@type\":\"SearchAction\",\"target\":{\"@type\":\"EntryPoint\",\"urlTemplate\":\"https:\\\/\\\/www.onestquedesjoueurs.fr\\\/?s={search_term_string}\"},\"query-input\":{\"@type\":\"PropertyValueSpecification\",\"valueRequired\":true,\"valueName\":\"search_term_string\"}}],\"inLanguage\":\"fr-FR\"},{\"@type\":\"Organization\",\"@id\":\"https:\\\/\\\/www.onestquedesjoueurs.fr\\\/#organization\",\"name\":\"Onestquedesjoueurs.fr\",\"url\":\"https:\\\/\\\/www.onestquedesjoueurs.fr\\\/\",\"logo\":{\"@type\":\"ImageObject\",\"inLanguage\":\"fr-FR\",\"@id\":\"https:\\\/\\\/www.onestquedesjoueurs.fr\\\/#\\\/schema\\\/logo\\\/image\\\/\",\"url\":\"https:\\\/\\\/www.onestquedesjoueurs.fr\\\/wp-content\\\/uploads\\\/2024\\\/04\\\/Que-des-joueurs-band-350x100-120ppp.png\",\"contentUrl\":\"https:\\\/\\\/www.onestquedesjoueurs.fr\\\/wp-content\\\/uploads\\\/2024\\\/04\\\/Que-des-joueurs-band-350x100-120ppp.png\",\"width\":350,\"height\":100,\"caption\":\"Onestquedesjoueurs.fr\"},\"image\":{\"@id\":\"https:\\\/\\\/www.onestquedesjoueurs.fr\\\/#\\\/schema\\\/logo\\\/image\\\/\"},\"sameAs\":[\"https:\\\/\\\/www.facebook.com\\\/profile.php?id=61558303130089\",\"https:\\\/\\\/x.com\\\/quedesjoueurs\"]}]}<\/script>\n<!-- \/ Yoast SEO plugin. -->","yoast_head_json":{"title":"Contactez nous - Onestquedesjoueurs.fr","robots":{"index":"index","follow":"follow","max-snippet":"max-snippet:-1","max-image-preview":"max-image-preview:large","max-video-preview":"max-video-preview:-1"},"canonical":"https:\/\/www.onestquedesjoueurs.fr\/index.php\/contactez-nous\/","og_locale":"fr_FR","og_type":"article","og_title":"Contactez nous - Onestquedesjoueurs.fr","og_description":"Comme annonc\u00e9 sur la page d&rsquo;accueil, je souhaite que ce site soit \u00e9galement le v\u00f4tre. Si vous voulez partager un souvenir, une anecdote ou encore un test, et ce, de mani\u00e8re ponctuelle ou r\u00e9currente, vous \u00eates le\/la bienvenue.","og_url":"https:\/\/www.onestquedesjoueurs.fr\/index.php\/contactez-nous\/","og_site_name":"Onestquedesjoueurs.fr","article_publisher":"https:\/\/www.facebook.com\/profile.php?id=61558303130089","article_modified_time":"2024-05-29T11:42:30+00:00","twitter_card":"summary_large_image","twitter_site":"@quedesjoueurs","twitter_misc":{"Dur\u00e9e de lecture estim\u00e9e":"1 minute"},"schema":{"@context":"https:\/\/schema.org","@graph":[{"@type":"WebPage","@id":"https:\/\/www.onestquedesjoueurs.fr\/index.php\/contactez-nous\/","url":"https:\/\/www.onestquedesjoueurs.fr\/index.php\/contactez-nous\/","name":"Contactez nous - Onestquedesjoueurs.fr","isPartOf":{"@id":"https:\/\/www.onestquedesjoueurs.fr\/#website"},"datePublished":"2024-04-02T18:32:10+00:00","dateModified":"2024-05-29T11:42:30+00:00","breadcrumb":{"@id":"https:\/\/www.onestquedesjoueurs.fr\/index.php\/contactez-nous\/#breadcrumb"},"inLanguage":"fr-FR","potentialAction":[{"@type":"ReadAction","target":["https:\/\/www.onestquedesjoueurs.fr\/index.php\/contactez-nous\/"]}]},{"@type":"BreadcrumbList","@id":"https:\/\/www.onestquedesjoueurs.fr\/index.php\/contactez-nous\/#breadcrumb","itemListElement":[{"@type":"ListItem","position":1,"name":"Accueil","item":"https:\/\/www.onestquedesjoueurs.fr\/"},{"@type":"ListItem","position":2,"name":"Contactez nous"}]},{"@type":"WebSite","@id":"https:\/\/www.onestquedesjoueurs.fr\/#website","url":"https:\/\/www.onestquedesjoueurs.fr\/","name":"Onestquedesjoueurs.fr","description":"Parce que nous restons des joueurs avant tout.","publisher":{"@id":"https:\/\/www.onestquedesjoueurs.fr\/#organization"},"potentialAction":[{"@type":"SearchAction","target":{"@type":"EntryPoint","urlTemplate":"https:\/\/www.onestquedesjoueurs.fr\/?s={search_term_string}"},"query-input":{"@type":"PropertyValueSpecification","valueRequired":true,"valueName":"search_term_string"}}],"inLanguage":"fr-FR"},{"@type":"Organization","@id":"https:\/\/www.onestquedesjoueurs.fr\/#organization","name":"Onestquedesjoueurs.fr","url":"https:\/\/www.onestquedesjoueurs.fr\/","logo":{"@type":"ImageObject","inLanguage":"fr-FR","@id":"https:\/\/www.onestquedesjoueurs.fr\/#\/schema\/logo\/image\/","url":"https:\/\/www.onestquedesjoueurs.fr\/wp-content\/uploads\/2024\/04\/Que-des-joueurs-band-350x100-120ppp.png","contentUrl":"https:\/\/www.onestquedesjoueurs.fr\/wp-content\/uploads\/2024\/04\/Que-des-joueurs-band-350x100-120ppp.png","width":350,"height":100,"caption":"Onestquedesjoueurs.fr"},"image":{"@id":"https:\/\/www.onestquedesjoueurs.fr\/#\/schema\/logo\/image\/"},"sameAs":["https:\/\/www.facebook.com\/profile.php?id=61558303130089","https:\/\/x.com\/quedesjoueurs"]}]}},"_links":{"self":[{"href":"https:\/\/www.onestquedesjoueurs.fr\/index.php\/wp-json\/wp\/v2\/pages\/16227","targetHints":{"allow":["GET"]}}],"collection":[{"href":"https:\/\/www.onestquedesjoueurs.fr\/index.php\/wp-json\/wp\/v2\/pages"}],"about":[{"href":"https:\/\/www.onestquedesjoueurs.fr\/index.php\/wp-json\/wp\/v2\/types\/page"}],"author":[{"embeddable":true,"href":"https:\/\/www.onestquedesjoueurs.fr\/index.php\/wp-json\/wp\/v2\/users\/1"}],"replies":[{"embeddable":true,"href":"https:\/\/www.onestquedesjoueurs.fr\/index.php\/wp-json\/wp\/v2\/comments?post=16227"}],"version-history":[{"count":16,"href":"https:\/\/www.onestquedesjoueurs.fr\/index.php\/wp-json\/wp\/v2\/pages\/16227\/revisions"}],"predecessor-version":[{"id":16527,"href":"https:\/\/www.onestquedesjoueurs.fr\/index.php\/wp-json\/wp\/v2\/pages\/16227\/revisions\/16527"}],"wp:attachment":[{"href":"https:\/\/www.onestquedesjoueurs.fr\/index.php\/wp-json\/wp\/v2\/media?parent=16227"}],"curies":[{"name":"wp","href":"https:\/\/api.w.org\/{rel}","templated":true}]}}